{"id":11,"date":"2010-12-29T20:52:25","date_gmt":"2010-12-29T20:52:25","guid":{"rendered":"http:\/\/www.sg1560altmannstein.de\/?page_id=11"},"modified":"2011-12-29T20:12:09","modified_gmt":"2011-12-29T20:12:09","slug":"chronik","status":"publish","type":"page","link":"http:\/\/www.sg1560altmannstein.de\/?page_id=11","title":{"rendered":"Chronik"},"content":{"rendered":"<div>\n<p>Nachfolgend ein Ausschnitt aus unserer Vereinsgeschichte.<\/p>\n<p>Unsere Historie reicht weiter zur\u00fcck &#8211; nachfolgend die Zeitbereiche die wir verl\u00e4sslich rekonstruieren konnten:<\/p>\n<h1><span style=\"text-decoration: underline;\">Chronik der SG 1560 Altmannstein e. V.<\/span><\/h1>\n<p>1903 &#8211; 1914<\/p>\n<p>Es existiert ein handschriftliches Mitgliederverzeichnis mit 39 Mitgliedern.\u00a0Es gibt etliche Schie\u00dfkladden vom \u201eKr\u00e4nzchenschie\u00dfen\u201c mit dem Zimmerstutzen.\u00a0Zielscheiben sind in vielen verschiedenen Ausf\u00fchrungen vorhanden.<\/p>\n<p>1915 \u2013 1918<\/p>\n<p>Wir gehe davon aus das aufgrund des 1. Weltkrieges keine Unterlagen mehr vorhanden sind.<\/p>\n<p>1926<\/p>\n<p>Von dieser Zeit ist noch ein Handbuch f\u00fcr Zimmerstutzen-Sch\u00fctzengesellschaften und Kleinkaliber Vereinen mit Satzung, Schie\u00dfordnung und Schie\u00df\u00fcbungen vorhanden.<\/p>\n<p>1933 &#8211; 1934<a href=\"http:\/\/www.sg1560altmannstein.de\/wp-content\/uploads\/2010\/12\/SGAWeber.jpg\"><img loading=\"lazy\" decoding=\"async\" title=\"SGAWeber\" src=\"http:\/\/www.sg1560altmannstein.de\/wp-content\/uploads\/2010\/12\/SGAWeber-223x300.jpg\" alt=\"\" width=\"223\" height=\"300\" \/><\/a><\/p>\n<p>Auf dem Gel\u00e4nde vor dem Fischerbr\u00e4ukeller wurde eine neue Schie\u00dfst\u00e4tte errichtet.<\/p>\n<p>Photos von Vereinsmitgliedern und dem \u00a0\u201eFischerbr\u00e4u\u201c Johann Weber, belegen dies.<\/p>\n<p>Herr Weber erm\u00f6glichte dies durch den Verkauf des ben\u00f6tigten Grund und Bodens an die Marktgemeinde. Diese wiederum stellte das Gr\u00fcndst\u00fcck der Sch\u00fctzengesellschaft zur Verf\u00fcgung.<\/p>\n<p>1935-1952<\/p>\n<p>W\u00e4hrend und nach dem 2. Weltkrieg fand kein Vereinsleben mehr statt. Sch\u00fctzenvereine waren verboten und deshalb wurde auch das Sch\u00fctzenhaus mit dem dazu geh\u00f6rigen Grund, von der Marktgemeinde eingezogen.<\/p>\n<p>1953<\/p>\n<p>Wiederaufnahme des Schie\u00dfsports durch 31 Anh\u00e4nger unter dem \u00a0Namen:<br \/>\n\u201eSch\u00fctzengesellschaft 1600 Altmannstein\u201c. 1. Sch\u00fctzenmeister war Zahnarzt Heinrich Straubinger sen.. Der Kassenbestand betrug damals 258,68 DM.<a href=\"http:\/\/www.sg1560altmannstein.de\/wp-content\/uploads\/2010\/12\/SGASch\u00fctzenhausAltUrkunde-300x194.jpg\"><img decoding=\"async\" title=\"SGASch\u00fctzenhausAltUrkunde\" src=\"http:\/\/www.sg1560altmannstein.de\/wp-content\/uploads\/2010\/12\/SGASch\u00fctzenhausAltUrkunde-300x194.jpg\" alt=\"\" \/><\/a><\/p>\n<p>1954<\/p>\n<p>Am 15. M\u00e4rz wurde das erste Mal ein Schie\u00dfabend an den Schie\u00dfst\u00e4nden in der Gastwirtschaft \u201eFischerbr\u00e4u\u201c abgehalten. Dazu war es jedes Mal notwendig,die Schie\u00dfst\u00e4nde in der Gastwirtschaft aufzubauen, die Zielscheiben und der Kugelfang waren in der K\u00fcche montiert, in der w\u00e4hrend dessen der Gesch\u00e4ftsbetrieb ungeachtet weiterlief ! F\u00fcr heutige Sicherheitsvorschriften eine unvorstellbare Gegebenheit. Au\u00dferdem wurde in diesem Jahr der 1. Sch\u00fctzenball abgehalten.<\/p>\n<p>1957<\/p>\n<p>Die Sch\u00fctzengesellschaft beschlie\u00dft aus Sicherheitsgr\u00fcnden, den Schie\u00dfbetrieb im neuen Schie\u00dfstand in der Kegelbahn im \u201eFischerbr\u00e4u\u201c abzuhalten. Christian Wierl wird 1. Kreismeister. Es ist die 1. Kreismeisterschaft nach dem 2. Weltkrieg. In diesem Jahr wurde auch eine Vereinbarung mit der Marktgemeinde Altmannstein, vertreten durch B\u00fcrgermeister Tyroller, geschlossen. In ihr \u00fcberl\u00e4sst die\u00a0Marktgemeinde der Sch\u00fctzengesellschaft das \u201eSch\u00fctzenh\u00e4usl mit Blockh\u00fctte\u201c wieder zur Nutzung. Es war nach dem Krieg als Behelfswohnung zweckentfremdet worden.<\/p>\n<p>1962<\/p>\n<p>An Pfingsten wird die Fahnenweihe der Sch\u00fctzengesellschaft 1860 Altmannstein mit \u00a0einem gro\u00dfen Preisschie\u00dfen veranstaltet. Das Schie\u00dfen wurde auf den 6 vorhandenen Schie\u00dfst\u00e4nden in der \u201eFischerbr\u00e4ukegelbahn\u201c, 6 Schie\u00dfst\u00e4nden im Freien und noch weiteren errichteten Schie\u00dfst\u00e4nden im \u201eFischerbr\u00e4ukeller\u201c durchgef\u00fchrt. Als Festkapelle spielte die weithin bekannte \u201eBlaskapelle Otto Ebner\u201c. Die neue Sch\u00fctzenfahne kostete damals 1.650,- DM. Sie und auch s\u00e4mtliche vorab get\u00e4tigten Kosten der Gro\u00dfveranstaltung, konnten erst nach dem Fest, vom verbliebenen Erl\u00f6s bezahlt werden \u2013 unumstritten eine finanzielle Meisterleistung, die heute undenkbar w\u00e4re. Nach genauer Pr\u00fcfung kann vorerst, mit den um 1600 im bayerischen Staatsarchiv erw\u00e4hnten B\u00fcrgersch\u00fctzen in Altmannstein, kein urs\u00e4chlicher Zusammenhang nachgewiesen werden und so muss der Name des Vereins in \u201eSch\u00fctzengesellschaft 1860 Altmannstein\u201c abge\u00e4ndert werden.<\/p>\n<p>Im Fischerkeller wurde ein \u201eSommerschie\u00dfstand\u201c mit 6 Einzelst\u00e4nden und im Schankraum desselben, ein z\u00fcnftiges Sch\u00fctzenzimmer eingerichtet. So wurde neuerdings auch im Sommer geschossen und trainiert.<\/p>\n<p>1967<a href=\"http:\/\/www.sg1560altmannstein.de\/wp-content\/uploads\/2010\/12\/SGABaustelleSch\u00fctzenhalleAlt.jpg\"><img loading=\"lazy\" decoding=\"async\" title=\"SGABaustelleSch\u00fctzenhalleAlt\" src=\"http:\/\/www.sg1560altmannstein.de\/wp-content\/uploads\/2010\/12\/SGABaustelleSchuetzenhalleAlt-300x258.jpg\" alt=\"\" width=\"300\" height=\"258\" \/><\/a><\/p>\n<p>Auf der Generalversammlung wird, unter der Leitung des 1. Sch\u00fctzenmeisters Raimund Losert, der Beschluss gefasst, einen vereinseigenen Schie\u00dfstand zu errichten. Als Grund und Geb\u00e4ude soll die ehemalige Werkhalle der Firma H\u00fcllmeier, die allerdings einer Ruine gleicht, dienen. M\u00f6glich ist das Vorhaben, da die Marktgemeinde den entsprechenden Grund auf Erbbaurechtbasis dem Sch\u00fctzenverein \u00fcberl\u00e4sst. Au\u00dferdem ist es jetzt zwingend notwendig, dass der Sch\u00fctzenverein ins Vereinsregister eingetragen wird.<\/p>\n<p>1968<\/p>\n<p>Einweihung des neu errichteten Sch\u00fctzenhauses mit 15 mechanischen Zugst\u00e4nden mit Preisschie\u00dfen, um die finanziell sehr angespannte Lage des Vereins zu verbessern. Das 16. Ingolst\u00e4dter Gauschie\u00dfen wird in Altmannstein ausgetragen. Es gibt eine Rekordbeteiligung von 682 Sch\u00fctzen, der noch viele Jahre Bestand haben wird.<\/p>\n<p>1969<a href=\"http:\/\/www.sg1560altmannstein.de\/wp-content\/uploads\/2010\/12\/SGAGarryAnderson.jpg\"><img loading=\"lazy\" decoding=\"async\" title=\"SGAGarryAnderson\" src=\"http:\/\/www.sg1560altmannstein.de\/wp-content\/uploads\/2010\/12\/SGAGarryAnderson-300x174.jpg\" alt=\"\" width=\"300\" height=\"174\" \/><\/a><\/p>\n<p>Am 10. Mai l\u00e4dt die Sch\u00fctzengesellschaft zum Maitanz ein. Der H\u00f6hepunkt ist aber der Gastbesuch des Weltmeisters und 2-fachen Olympiasiegers im Freigewehr, Gary Anderson aus den USA und des Ex-Weltmeisters im Armeegewehr, Jakob Brod aus Ingolstadt.<\/p>\n<p>1970<\/p>\n<p>Die Sch\u00fctzengesellschaft Altmannstein veranstaltet ein gro\u00dfes Preisschie\u00dfen, mit Preisen im Gesamtwert von 6.600,- DM. Mit dem Erl\u00f6s muss die Au\u00dfenfassade verputzt werden und Restschulden des Neubaus k\u00f6nnen getilgt werden. Von \u00f6ffentlichen Zusch\u00fcssen konnte der Verein damals nur tr\u00e4umen.<\/p>\n<p>1974<a href=\"http:\/\/www.sg1560altmannstein.de\/wp-content\/uploads\/2010\/12\/1560_AltmannsteinGerichtsrechnung1560.jpg\"><img loading=\"lazy\" decoding=\"async\" title=\"1560_AltmannsteinGerichtsrechnung1560\" src=\"http:\/\/www.sg1560altmannstein.de\/wp-content\/uploads\/2010\/12\/1560_AltmannsteinGerichtsrechnung1560-245x300.jpg\" alt=\"\" width=\"245\" height=\"300\" \/><\/a><\/p>\n<p>Durch die unerm\u00fcdlichen, ja akribischen Nachforschungen des 1. Sch\u00fctzenmeisters Otto Hallermeier und des 2. Sch\u00fctzenmeisters Christian Wierl, \u00fcber mehrere Jahre hinweg, bei den Staatsarchiven in M\u00fcnchen, Amberg und Landshut kann der Beweis erbracht werden, dass die Sch\u00fctzengesellschaft Altmannstein seit 1560 existiert, mit Sicherheit aber noch \u00e4lter ist.<\/p>\n<p>Das Staatsarchiv Landshut best\u00e4tigt Gerichtsrechnungen ab dem Jahr 1560 beginnend \u00fcber den so genannten \u201eSch\u00fctzenvortl\u201c, das ist ein Zuschuss des Landesherrn \u00a0zum Kauf von Pulver und Blei f\u00fcr Schie\u00dfveranstaltungen. Dem Verein liegen die vielen Kopien der handschriftlichen Originalrechnungen, \u00a0Bittschreiben und entsprechenden Antwortschreiben, nat\u00fcrlich in \u201eAltdeutscher Schrift\u201c, mit den entsprechenden w\u00f6rtlichen \u00dcbersetzungen, aus den Staatsarchiven vor. Diese l\u00fcckenlose Beweisf\u00fchrung \u00fcber die Existenz der Sch\u00fctzengesellschaft ohne zeitliche Unterbrechung, war die Bedingung des Vereinsregisters, um den Verein von \u201e1860\u201c in \u201e1560\u201c umbenennen zu k\u00f6nnen.<\/p>\n<p>1978<a href=\"http:\/\/www.sg1560altmannstein.de\/wp-content\/uploads\/2010\/12\/SGADammischeRitter1974.jpg\"><img loading=\"lazy\" decoding=\"async\" title=\"SGADammischeRitter1974\" src=\"http:\/\/www.sg1560altmannstein.de\/wp-content\/uploads\/2010\/12\/SGADammischeRitter1974-300x211.jpg\" alt=\"\" width=\"300\" height=\"211\" \/><\/a><\/p>\n<p>Der Verein feierte im Streitbergersaal in einer geschlossenen Veranstaltung f\u00fcr die Vereinsmitglieder das 25. Wiedergr\u00fcndungsfest mit dem Patenverein Steinsdorf.<\/p>\n<p>Es spielte die 40 Mann starke Kapelle \u00a0\u201eDie M\u00fcnchner Bl\u00e4ser-Buam\u201c.<\/p>\n<p>1979 Die zum ersten Mal eingef\u00fchrte 1. Marktmeisterschaft der Sch\u00fctzenvereine der Gro\u00dfgemeinde Altmannstein, wird von der Sch\u00fctzengesellschaft in Altmannstein ausgetragen und auch gewonnen. Insgesamt beteiligten sich 142 aktive Sch\u00fctzen.<\/p>\n<p>1980<\/p>\n<p>Die Sch\u00fctzengesellschaft Altmannstein l\u00e4sst die Tradition der \u201eKellerfeste\u201c am alten Fischerbr\u00e4ukeller im Schatten der riesigen Kastanien wieder aufleben.<\/p>\n<p>Bei herrlichem Wetter gibt es viele G\u00e4ste, die frohe Stunden bei einer z\u00fcnftigen Brotzeit und Tanzmusik genie\u00dfen. F\u00fcr den Verein ist es die Chance, die immer knappe Vereinskasse ein bischen aufzubessern.<\/p>\n<p>1982<\/p>\n<p>Wird die Schie\u00dfhalle kurzer Hand f\u00fcr ein Wochenende zur \u201eHeimatb\u00fchne\u201c umgebaut und zum 1. Mal ein bayerischer Abend abgehalten. Es kommt der Einakter \u00a0\u201eDer damische Nachfolger\u201c zur Auff\u00fchrung.<\/p>\n<p><a href=\"http:\/\/www.sg1560altmannstein.de\/wp-content\/uploads\/2010\/12\/imm-025.jpg\"><img loading=\"lazy\" decoding=\"async\" title=\"FeierImSch\u00fctzenhaus\" src=\"http:\/\/www.sg1560altmannstein.de\/wp-content\/uploads\/2010\/12\/imm-025-300x200.jpg\" alt=\"\" width=\"300\" height=\"200\" \/><\/a><\/p>\n<p>1984<\/p>\n<p>Nach l\u00e4ngerer Pause hielt die Sch\u00fctzengesellschaft 1560 Altmannstein wieder einen Sch\u00fctzenball im Streitberger-Saal ab. Die Altmannsteiner Gardem\u00e4dchen traten auf und die Proklamation des neuen Sch\u00fctzenk\u00f6nigs erfolgte.<\/p>\n<p>1985<\/p>\n<p>Die Sch\u00fctzengesellschaft 1560 Altmannstein feiert ihr 425-j\u00e4hriges Gr\u00fcndungsfest.F\u00fcr die Festtage am Samstag und Sonntag, wird auf dem Schulparkplatz ein au\u00dfergew\u00f6hnliches, n\u00e4mlich rundes Festzelt, aufgestellt. Am Samstag, den 27.07. sorgt auf dem gro\u00dfen Heimatabend die Showkapelle \u201eEdi Forstner Sextett\u201c f\u00fcr eine tolle Stimmung. Am Sonntag wird ein traditioneller Festumzug durch Altmannstein abgehalten und anschlie\u00dfend im Festzelt viele Vereinsmitglieder geehrt.<\/p>\n<p>F\u00fcnf Vereinsmitglieder erwerben, nach den entsprechenden Pr\u00fcfungen, Vorderlader. \u00a0Ab jetzt kann neben Luftgewehr und Zimmerstutzen auch \u201escharf\u201c geschossen werden und zwar traditionell mit Pulver, Blei oder B\u00f6ller, aber in der Handhabung wie vor einem halben Jahrtausend.<\/p>\n<div>\n<dl id=\"attachment_148\">\n<dt><a href=\"http:\/\/www.sg1560altmannstein.de\/wp-content\/uploads\/2010\/12\/imm-032.jpg\"><img loading=\"lazy\" decoding=\"async\" title=\"Patenbitten1985Steinsdorf\" src=\"http:\/\/www.sg1560altmannstein.de\/wp-content\/uploads\/2010\/12\/imm-032-1024x682.jpg\" alt=\"\" width=\"614\" height=\"409\" \/><\/a><\/dt>\n<dd>Patenbitten in Steinsdorf<\/dd>\n<\/dl>\n<\/div>\n<p><a href=\"http:\/\/www.sg1560altmannstein.de\/wp-content\/uploads\/2010\/12\/imm-022.jpg\"><img loading=\"lazy\" decoding=\"async\" title=\"Festumzug85\" src=\"http:\/\/www.sg1560altmannstein.de\/wp-content\/uploads\/2010\/12\/imm-022-1024x682.jpg\" alt=\"\" width=\"1024\" height=\"682\" \/><\/a><\/p>\n<p>1986<\/p>\n<p>Durch den einstimmigen Beschluss \u00fcber die Neufassung einer Satzung und der \u00c4nderung des Vereinsnamens in \u201eSch\u00fctzengesellschaft 1560 Altmannstein e.V.\u201c, die Existenz konnte ja durch die Archivbest\u00e4tigungen bereits glaubhaft und l\u00fcckenlos belegt werden, wird der Vereinsname durch \u00c4nderung im Vereinsregister somit auch amtlich gepr\u00fcft, anerkannt und offiziell eingetragen.<\/p>\n<p>Ab jetzt wird auch im Vorderladerschie\u00dfen mit Pulver und Blei, der Vereinsmeister ermittelt.<\/p>\n<p><a href=\"http:\/\/www.sg1560altmannstein.de\/wp-content\/uploads\/2010\/12\/imm-028.jpg\"><img loading=\"lazy\" decoding=\"async\" title=\"KirchenzugmitFahne\" src=\"http:\/\/www.sg1560altmannstein.de\/wp-content\/uploads\/2010\/12\/imm-028-247x300.jpg\" alt=\"\" width=\"247\" height=\"300\" \/><\/a><\/p>\n<p>1988<\/p>\n<p>Die Schwarzpulversch\u00fctzen mit ihren Vorderladern lassen wieder eine alte Tradition aufleben: sie schie\u00dfen an Silvester das neue Jahr an.<\/p>\n<p>1989<\/p>\n<p>Nach etwa einem Jahr und 480 Stunden Eigenleistung f\u00fcr Umbau der Schie\u00dfst\u00e4nde und Renovierung, kann das Sch\u00fctzenhaus mit Schie\u00dfhalle wieder in neuem Glanz pr\u00e4sentiert werden. Es findet ein Gottesdienst mit anschlie\u00dfendem Festzug zum Sch\u00fctzenhaus und Weihe durch Bisch\u00f6flich Geistlichen Rat Rudolf Korb, statt.<\/p>\n<p>Die B\u00f6llerkanone Kaliber 52 mm, vom Krieger- Kameradenverein- und Reservistenverein \u00a0Altmannstein, wird restauriert und wegen der erworbenen Bef\u00e4higung von Rudi Stiller, Hermann K\u00f6bler und Willi Grimminger, von der Sch\u00fctzengesellschaft \u00a0zum \u00a0Salutschie\u00dfen genutzt.<\/p>\n<p><a href=\"http:\/\/www.sg1560altmannstein.de\/wp-content\/uploads\/2010\/12\/SGAB\u00f6llersch\u00fctzenSilvester1.jpg\"><img loading=\"lazy\" decoding=\"async\" title=\"SGAB\u00f6llersch\u00fctzenSilvester\" src=\"http:\/\/www.sg1560altmannstein.de\/wp-content\/uploads\/2010\/12\/SGABoellerschuetzenSilvester1-1024x358.jpg\" alt=\"\" width=\"1024\" height=\"358\" \/><\/a><\/p>\n<p>1991<\/p>\n<p>Die Sektionsmeisterschaft der Sch\u00fctzensektion Riedenburg wird auf den 12 Schie\u00dfst\u00e4nden der Sch\u00fctzengesellschaft Altmannstein ausgetragen und auch gewonnen.<\/p>\n<p>1993<\/p>\n<p>Nach 21 Jahren Sch\u00fctzenmeistert\u00e4tigkeit f\u00fcr die SG 1560, stellt Otto Hallermeier, sein Amt zur Verf\u00fcgung und wird zur Anerkennung des hervorragenden Vereinsaufbaus und der Vereinsf\u00fchrung zum Ehrensch\u00fctzenmeister ernannt. Au\u00dferdem war er noch 10 Jahre lang Jugendleiter der Sch\u00fctzensektion Riedenburg. Sein Nachfolger wird Hermann K\u00f6bler. Unter seiner Federf\u00fchrung wird die riesige Linde, die mit einem Gro\u00dfteil ihrer \u00c4ste das Sch\u00fctzenhaus weit \u00fcberragt, gef\u00e4llt. Zwischen Prangerberg und Sch\u00fctzenhaus, wird in Eigenregie mit den Vereinsmitgliedern, eine Betonst\u00fctzmauer errichtet. Die Baukosten in H\u00f6he von ca. 13.000,- DM verschlingen leider einen Gro\u00dfteil der Vereinsersparnisse.<\/p>\n<p>1994<\/p>\n<p>Es gibt erste Planungen zur Errichtung eines neuen Sch\u00fctzenhauses. Dazu m\u00fcsste aber zuerst das alte Sch\u00fctzenhaus weichen. Die veranschlagte H\u00f6he der Kosten erfordert eine sehr sparsame und wohl\u00fcberlegte Vorgehensweise.<\/p>\n<p>1996<\/p>\n<p>An drei Tagen wird ein \u201ebayerischer Abend\u201c mit Auff\u00fchrung eines Theaterst\u00fccks, Musik und z\u00fcnftigen bayerischen Schmankerln veranstaltet. Der Verein bietetsomit auch gesellschaftliche Unterhaltung f\u00fcr Jedermann und kann die Vereinskasse etwas aufbessern.<\/p>\n<p>1997<\/p>\n<p>Die Sch\u00fctzengesellschaft ist in diesem Jahr der austragende Verein der Sektionsmeisterschaft der Sch\u00fctzensektion Riedenburg. Es nehmen insgesamt 434 Sch\u00fctzen teil. Altmannstein gewinnt den Mannschaftswettbewerb.<\/p>\n<p>Durch das Engagement vom 1. Sch\u00fctzenmeister Hermann K\u00f6bler und Hans Kreuzer nimmt der Verein \u00a0an den Veranstaltungen vom Schlo\u00df Hexenagger, wie Ritterturnier und Reiten-Jagen-Fischen, teil. Durch das angebotene Bogen- und Luftgewehrschie\u00dfen f\u00fcr die Besucher, kann der Verein seine Vereinskasse etwas aufstocken.<\/p>\n<p>1999<\/p>\n<p>Durch eine beschlossene Satzungs\u00e4nderung wird die Vorstandschaft k\u00fcnftig f\u00fcr 4 Jahre Amtszeit gew\u00e4hlt, bis jetzt betrug sie lediglich 2 Jahre.<\/p>\n<p>Die Vereinsfahne von 1962, in ihrer handwerklichen Qualit\u00e4t und wertvollen Ausf\u00fchrung f\u00fcr einen kleinen Verein heute zu Tage fast unbezahlbar, wird renoviert.<\/p>\n<p>Am Ostermontag verliert der Verein ein Mitglied mit unsch\u00e4tzbaren Verdiensten:<br \/>\nDen Ehrensch\u00fctzenmeister Otto Hallermeier. Vor allem ihm ist der Aufbau der Sch\u00fctzengesellschaft und der Gr\u00fcndung der Vorderladersch\u00fctzenriege zu verdanken. Niemand hat so viel Freizeit in den Verein investiert, um Sch\u00fctzenjugend f\u00fcr den Verein zu gewinnen, um Nachforschung bez\u00fcglich der Gr\u00fcndungszeit zu stellen, um Zusch\u00fcsse zum Vortelschie\u00dfen beim Ministerpr\u00e4sident Franz Josef Strau\u00df<\/p>\n<p>zu bitten, viele kostenlose Handwerksstunden f\u00fcr die Renovierung und Versch\u00f6nerung des vereinseigenen Sch\u00fctzenhauses zu leisten und noch gesellschaftlicher \u00a0Entertainer zu sein. Daf\u00fcr wird der Verein ihn immer in dankbarer Erinnerung behalten.<\/p>\n<p>2000<\/p>\n<p>Am 27.05. und 28.05. gibt es anl\u00e4sslich der renovierten Vereinsfahne eine Fahnenrenovierungsfeier, \u00a0zu der alle Altmannsteiner Vereine und die Einwohner eingeladen sind. Am Samstag steht ein Weinfest in der Sch\u00fctzenhalle auf dem Programm, am Sonntag Gottesdienst, Schnupperschie\u00dfen, ein Kraftwettbewerb f\u00fcr die Starken, Ehrungen und Preisverteilung.<\/p>\n<p>Der Verein darf wieder einmal die Marktmeisterschaft durchf\u00fchren, die auch wie schon so oft, gewonnen wird.<\/p>\n<p>2001<\/p>\n<p>Das Vereinsjahr wird vom pl\u00f6tzlichen Tod des 1. Sch\u00fctzenmeisters Hermann K\u00f6bler \u00fcberschattet. Er f\u00fchrte den Verein \u00a08 Jahre lang und war zuvor in vielen Funktionen zum Wohle des Vereins t\u00e4tig. Vor allem die Jugendf\u00f6rderung durch das j\u00e4hrliche Sch\u00fcler- und Jugendpreisschie\u00dfen f\u00fcr die Sektion Riedenburg, der Sch\u00fctzenhausneubau und die Vorderladersch\u00fctzen lagen ihm sehr am Herzen.<\/p>\n<p>2002<\/p>\n<p>Der 2. Sch\u00fctzenmeister Anton Osterrieder wird zum 1. Sch\u00fctzenmeister und neuen Vereinsoberhaupt gew\u00e4hlt. \u00a0Unter seiner F\u00fchrung und mit zahlreichen Helfern wird im April das alte Sch\u00fctzenhaus abgerissen. Durch die tatkr\u00e4ftige Unterst\u00fctzung von Mitgliedern, Helfern und vor allem dem Bauprofi Hans V\u00f6lkl, \u00a0kann der schon lang ersehnte Sch\u00fctzenhausneubau errichtet werden. Durch die hervorragende Organisation und das harmonische und friedliche Miteinander auf der Baustelle, kann der Verein bereits nach der Rekordzeit von 3 Monaten \u201eRichtfest\u201c feiern.<\/p>\n<p><a href=\"http:\/\/www.sg1560altmannstein.de\/wp-content\/uploads\/2010\/12\/Altmann2002_0921_164224AA.jpg\"><img loading=\"lazy\" decoding=\"async\" title=\"Sch\u00fctzenhausNeubau\" src=\"http:\/\/www.sg1560altmannstein.de\/wp-content\/uploads\/2010\/12\/Altmann2002_0921_164224AA-1024x509.jpg\" alt=\"\" width=\"1024\" height=\"509\" \/><\/a><\/p>\n<p>2003<\/p>\n<p>Im Februar findet die Haussegnung des neuen Sch\u00fctzenhauses statt, bevor der Schie\u00dfbetrieb mit Beginn der Rundenk\u00e4mpfe wieder aufgenommen wird. Im Juni findet die gro\u00dfe offizielle Einweihungsfeier des Neubaus statt. Es wird ein \u201eB\u00fcrgerschie\u00dfen\u201c abgehalten, bei dem jeder Gast seine ruhige Hand und gutes Auge unter Beweis stellen kann. Die Mitglieder und freiwilligen Helfer werden f\u00fcr die vielen unentgeltlichen Arbeitsstunden geehrt, sie betragen 200 bis \u00fcber 900 Stunden pro Person.<\/p>\n<p>In den neuen R\u00e4umen, wird im November, die 25. Marktmeisterschaft abgehalten.<\/p>\n<p>2004<\/p>\n<p>Anl\u00e4sslich des neuen Sch\u00fctzenhauses darf auch die Sektionsmeisterschaft von der Sch\u00fctzengesellschaft durchgef\u00fchrt werden und au\u00dferdem auch noch sehr erfolgreich: der Mannschaftswettbewerb wird gewonnen und noch etliche Pokale. Im Rahmen des zum ersten Mal durchgef\u00fchrten, eigenen Ferienprogramms der Marktgemeinde Altmannstein, beteiligt sich auch die Sch\u00fctzengesellschaft 1560 mit einem \u201eSchnupperschie\u00dfen\u201c und weiteren Spielen f\u00fcr die Kinder, an dem Programm.<\/p>\n<p>2006<\/p>\n<p>Zur Aus- und Weiterbildung und F\u00f6rderung der Sch\u00fctzenjugend wird f\u00fcr die Sch\u00fctzensektion Riedenburg ein Vereins\u00fcbungsleiter-Lehrgang im Sch\u00fctzenhaus abgehalten. Die Veranstaltungen treffen auf reges Interesse, was die Teilnehmerzahl von 36 Personen beweist.<\/p>\n<p>2008<\/p>\n<p>Der Verein darf wieder ein Mal die Sektionsmeisterschaft der Sch\u00fctzensektion Riedenburg durchf\u00fchren. Insgesamt \u00a0finden 459 Sch\u00fctzen den Weg in unser Sch\u00fctzenhaus \u2013 eine sch\u00f6ne und erfolgreiche Meisterschaft.<\/p>\n<p>Am 20. Oktober wird zum ersten Mal in der Vereinsgeschichte der Gauehrenabend des Sportsch\u00fctzengau Ingolstadt vom Verein in der Turnhalle der Hauptschule ausgerichtet. Es waren wieder viele flei\u00dfige Vereinsmitglieder t\u00e4tig, die das Fest vorbereiteten und durchf\u00fchrten. Sie wurden aber letztendlich durch das gute Gelingen, den reibungslosen Ablauf und die Zufriedenheit der G\u00e4ste, geb\u00fchrend belohnt. Ein H\u00f6hepunkt des Festprogramms war sicherlich der Auftritt der weltmeisterlichen Prinzengarde \u201eSilbania Altmannstein\u201c.<\/p>\n<p>2009<\/p>\n<p>Die Festvorbereitungen f\u00fcr das 450-j\u00e4hrige Gr\u00fcndungsfest am 23.07. und 25.07.2010\u00a0laufen auf Hochtouren.\u00a0Es werden viele Sitzungen und Vorbereitungen getroffen, um den G\u00e4sten aus nach und Fern ein gesellschaftliches und traditionelles Erlebnis bieten zu k\u00f6nnen.<\/p>\n<p>Anl\u00e4sslich des genannten Jubil\u00e4ums darf die Sch\u00fctzengesellschaft 1560 Altmannstein e.V. ein weiteres Mal die Sektionsmeisterschaft der Sch\u00fctzensektion Riedenburg austragen.<\/p>\n<p>23.7.\/25.7.10\u00a0 450-j\u00e4hriges Gr\u00fcndungsfest:<\/p>\n<p>Nach einer Woche Endspurt und harter Arbeit mit Zeltaufbau, Festvorbereitungen und Organisation bei 37\u00b0 Grad im Schatten, startet am Freitag der erste Festauftakt: die Rocknacht mit der Rock-Pop-Coverband\u00a0 \u201ePoP nach 8\u201c. Nur leider hat sich der Wettergott einen f\u00fcr uns sehr ung\u00fcnstigen Augenblick f\u00fcr die Abk\u00fchlung ausgesucht: es regnet ab 18:00 Uhr wie aus K\u00fcbeln \u2013 nat\u00fcrlich befl\u00fcgelt das nicht die Besucherzahl ! Die Altmannsteiner und die Umgebung untersch\u00e4tzen die wirklich optisch und musikalisch hervorragende Musikdarbietung der Live-Band. Aber die wenigen Besucher die den Weg zu uns gefunden haben, haben sehr viel Platz und feiern und genie\u00dfen die Veranstaltung ausgiebig.<\/p>\n<p>Der Sonntag, beginnt mit herrlichem Sonnenschein und einem sch\u00f6nen Kirchenzug.<\/p>\n<p>Hochw\u00fcrden Pfarrer Stowasser h\u00e4lt einen festlichen Gottesdienst mit feierlichen und sehr passenden Worten. Bis zum Mittag ist unser Festzelt komplett gef\u00fcllt und alle feiern mit uns fr\u00f6hlich. Bei weiterhin strahlendem Sonnenschein findet der traditionelle Festumzug mit 50 Vereinen und 4 Blaskapellen statt. Erst am Abend lichten sich die Reihen im Zelt \u2013 ein herrlicher, sehr gut besuchter Festtag, der vielen Leuten von Nah und Fern lange in guter Erinnerung bleiben wird, neigt sich dem Ende zu.<\/p>\n<\/div>\n","protected":false},"excerpt":{"rendered":"<p>Nachfolgend ein Ausschnitt aus unserer Vereinsgeschichte. Unsere Historie reicht weiter zur\u00fcck &#8211; nachfolgend die Zeitbereiche die wir verl\u00e4sslich rekonstruieren konnten: Chronik der SG 1560 Altmannstein e. V. 1903 &#8211; 1914 Es existiert ein handschriftliches Mitgliederverzeichnis mit 39 Mitgliedern.\u00a0Es gibt etliche &hellip; <a href=\"http:\/\/www.sg1560altmannstein.de\/?page_id=11\">Weiterlesen <span class=\"meta-nav\">&rarr;<\/span><\/a><\/p>\n","protected":false},"author":1,"featured_media":0,"parent":0,"menu_order":0,"comment_status":"open","ping_status":"open","template":"","meta":{"footnotes":""},"class_list":["post-11","page","type-page","status-publish","hentry"],"_links":{"self":[{"href":"http:\/\/www.sg1560altmannstein.de\/index.php?rest_route=\/wp\/v2\/pages\/11","targetHints":{"allow":["GET"]}}],"collection":[{"href":"http:\/\/www.sg1560altmannstein.de\/index.php?rest_route=\/wp\/v2\/pages"}],"about":[{"href":"http:\/\/www.sg1560altmannstein.de\/index.php?rest_route=\/wp\/v2\/types\/page"}],"author":[{"embeddable":true,"href":"http:\/\/www.sg1560altmannstein.de\/index.php?rest_route=\/wp\/v2\/users\/1"}],"replies":[{"embeddable":true,"href":"http:\/\/www.sg1560altmannstein.de\/index.php?rest_route=%2Fwp%2Fv2%2Fcomments&post=11"}],"version-history":[{"count":10,"href":"http:\/\/www.sg1560altmannstein.de\/index.php?rest_route=\/wp\/v2\/pages\/11\/revisions"}],"predecessor-version":[{"id":162,"href":"http:\/\/www.sg1560altmannstein.de\/index.php?rest_route=\/wp\/v2\/pages\/11\/revisions\/162"}],"wp:attachment":[{"href":"http:\/\/www.sg1560altmannstein.de\/index.php?rest_route=%2Fwp%2Fv2%2Fmedia&parent=11"}],"curies":[{"name":"wp","href":"https:\/\/api.w.org\/{rel}","templated":true}]}}